{"id":1337,"date":"2018-09-19T00:37:49","date_gmt":"2018-09-18T22:37:49","guid":{"rendered":"https:\/\/studiokankan.de\/?page_id=1337"},"modified":"2022-01-12T18:23:59","modified_gmt":"2022-01-12T17:23:59","slug":"start-de","status":"publish","type":"page","link":"https:\/\/studiokankan.de\/de\/","title":{"rendered":"Start"},"content":{"rendered":"<p>[et_pb_section fb_built=&#8220;1&#8243; module_class=&#8220;kkanigif&#8220; _builder_version=&#8220;3.22.3&#8243; background_color=&#8220;#1a1a1a&#8220; global_colors_info=&#8220;{}&#8220;][et_pb_row _builder_version=&#8220;3.25&#8243; background_size=&#8220;initial&#8220; background_position=&#8220;top_left&#8220; background_repeat=&#8220;repeat&#8220; global_colors_info=&#8220;{}&#8220;][et_pb_column type=&#8220;4_4&#8243; _builder_version=&#8220;3.25&#8243; custom_padding=&#8220;|||&#8220; global_colors_info=&#8220;{}&#8220; custom_padding__hover=&#8220;|||&#8220;][et_pb_image src=&#8220;https:\/\/studiokankan.de\/wp-content\/uploads\/11_Animation_2_Render_2.gif&#8220; align_tablet=&#8220;center&#8220; align_phone=&#8220;&#8220; align_last_edited=&#8220;on|desktop&#8220; _builder_version=&#8220;3.23&#8243; max_width=&#8220;80%&#8220; max_width_tablet=&#8220;&#8220; max_width_phone=&#8220;&#8220; max_width_last_edited=&#8220;on|phone&#8220; module_alignment=&#8220;center&#8220; global_colors_info=&#8220;{}&#8220;]&nbsp;<br \/>\n[\/et_pb_image][\/et_pb_column][\/et_pb_row][\/et_pb_section][et_pb_section fb_built=&#8220;1&#8243; admin_label=&#8220;Section &#8211; \u00dcber uns&#8220; module_id=&#8220;about&#8220; _builder_version=&#8220;3.22.3&#8243; background_color=&#8220;#1a1a1a&#8220; global_colors_info=&#8220;{}&#8220;][et_pb_row _builder_version=&#8220;3.25&#8243; background_size=&#8220;initial&#8220; background_position=&#8220;top_left&#8220; background_repeat=&#8220;repeat&#8220; global_colors_info=&#8220;{}&#8220;][et_pb_column type=&#8220;4_4&#8243; _builder_version=&#8220;3.25&#8243; custom_padding=&#8220;|||&#8220; global_colors_info=&#8220;{}&#8220; custom_padding__hover=&#8220;|||&#8220;][et_pb_text admin_label=&#8220;\u00dcber uns&#8220; _builder_version=&#8220;3.27.4&#8243; text_font_size=&#8220;27px&#8220; text_line_height=&#8220;2.7em&#8220; header_2_font=&#8220;Myriad Pro regular|300|||||||&#8220; header_2_font_size=&#8220;80px&#8220; header_3_font=&#8220;Myriad Pro regular||||||||&#8220; header_3_font_size=&#8220;30px&#8220; custom_margin=&#8220;50px||100px|&#8220; custom_margin_tablet=&#8220;30px||60px&#8220; custom_margin_phone=&#8220;15px||30px&#8220; custom_margin_last_edited=&#8220;on|phone&#8220; custom_padding=&#8220;50px||100px|&#8220; custom_padding_tablet=&#8220;30px||60px&#8220; custom_padding_phone=&#8220;15px||30px&#8220; custom_padding_last_edited=&#8220;on|phone&#8220; text_font_size_tablet=&#8220;&#8220; text_font_size_phone=&#8220;&#8220; text_font_size_last_edited=&#8220;on|desktop&#8220; inline_fonts=&#8220;Myriad Pro regular&#8220; global_colors_info=&#8220;{}&#8220;]<\/p>\n<h3 style=\"text-align: center;\"><span style=\"color: #ffffff; font-size: xx-large; font-family: 'Myriad Pro regular';\">\u00dcber uns<\/span><\/h3>\n<h2 style=\"text-align: center;\"><strong><span style=\"color: #ffffff;\">Wer wir sind.<\/span><\/strong><\/h2>\n<h3 style=\"text-align: center;\"><span style=\"color: #ffffff; font-size: x-large; font-family: 'Myriad Pro regular'; font-weight: normal;\"><em>STUDIO<\/em> <strong>K\u2206NK\u2206N<\/strong> ist ein junges Architekturb\u00fcro mit Sitz in Frankfurt und Berlin. Durch unser Netzwerk aus Innenarchitekten und Produktdesignern k\u00f6nnen wir gro\u00dfe Ideen erfassen und von der ersten Skizze zu einem erfolgreichen Projekt entwickeln. <\/span><span style=\"color: #ffffff; font-size: x-large; font-family: 'Myriad Pro regular'; font-weight: normal;\">Unsere Herausforderung ist es L\u00f6sungen zu finden, die der Identit\u00e4t unserer Kunden entsprechen.\u00a0<\/span><\/h3>\n<p>[\/et_pb_text][\/et_pb_column][\/et_pb_row][\/et_pb_section][et_pb_section fb_built=&#8220;1&#8243; fullwidth=&#8220;on&#8220; _builder_version=&#8220;3.22.3&#8243; global_colors_info=&#8220;{}&#8220;][et_pb_fullwidth_image src=&#8220;https:\/\/studiokankan.de\/wp-content\/uploads\/STUDIO_KANKAN.jpg&#8220; _builder_version=&#8220;3.19.11&#8243; global_colors_info=&#8220;{}&#8220;]&nbsp;<br \/>\n[\/et_pb_fullwidth_image][\/et_pb_section][et_pb_section fb_built=&#8220;1&#8243; admin_label=&#8220;Section &#8211; Projekte&#8220; module_id=&#8220;projects&#8220; _builder_version=&#8220;3.22.3&#8243; background_color=&#8220;#000000&#8243; custom_padding=&#8220;51.1875px|0px|43px|0px|false|false&#8220; global_colors_info=&#8220;{}&#8220;][et_pb_row _builder_version=&#8220;3.25&#8243; background_size=&#8220;initial&#8220; background_position=&#8220;top_left&#8220; background_repeat=&#8220;repeat&#8220; global_colors_info=&#8220;{}&#8220;][et_pb_column type=&#8220;4_4&#8243; _builder_version=&#8220;3.25&#8243; custom_padding=&#8220;|||&#8220; global_colors_info=&#8220;{}&#8220; custom_padding__hover=&#8220;|||&#8220;][et_pb_text admin_label=&#8220;Projekte&#8220; _builder_version=&#8220;3.27.4&#8243; header_2_font=&#8220;Myriad Pro regular||||||||&#8220; header_2_font_size=&#8220;80px&#8220; custom_margin=&#8220;100px||100px|&#8220; custom_margin_tablet=&#8220;60px||60px&#8220; custom_margin_phone=&#8220;30px||30px&#8220; custom_margin_last_edited=&#8220;on|phone&#8220; custom_padding=&#8220;100px||100px|&#8220; custom_padding_tablet=&#8220;60px||60px&#8220; custom_padding_phone=&#8220;30px||30px&#8220; custom_padding_last_edited=&#8220;on|phone&#8220; global_colors_info=&#8220;{}&#8220;]<\/p>\n<h3 style=\"text-align: center;\"><span style=\"color: #ffffff; font-size: xx-large;\">Projekte<\/span><\/h3>\n<h2 style=\"text-align: center;\"><strong><span style=\"color: #ffffff;\">Was wir tun.<\/span><\/strong><\/h2>\n<p>[\/et_pb_text][\/et_pb_column][\/et_pb_row][\/et_pb_section][et_pb_section fb_built=&#8220;1&#8243; fullwidth=&#8220;on&#8220; _builder_version=&#8220;3.22.3&#8243; custom_padding=&#8220;0px|0px|0|0px|false|false&#8220; global_colors_info=&#8220;{}&#8220;][et_pb_nextend_smart_slider_3_fullwidth slider=&#8220;3&#8243; _builder_version=&#8220;3.19.11&#8243; global_colors_info=&#8220;{}&#8220;][\/et_pb_nextend_smart_slider_3_fullwidth][\/et_pb_section][et_pb_section fb_built=&#8220;1&#8243; admin_label=&#8220;Section &#8211; Philosophie&#8220; _builder_version=&#8220;3.22.3&#8243; background_color=&#8220;#000000&#8243; custom_padding=&#8220;55px|0px|51.1875px|0px|false|false&#8220; global_colors_info=&#8220;{}&#8220;][et_pb_row _builder_version=&#8220;3.25&#8243; background_size=&#8220;initial&#8220; background_position=&#8220;top_left&#8220; background_repeat=&#8220;repeat&#8220; global_colors_info=&#8220;{}&#8220; column_structure=&#8220;1_3,2_3&#8243;][et_pb_column type=&#8220;1_3&#8243; _builder_version=&#8220;3.25&#8243; custom_padding=&#8220;|||&#8220; global_colors_info=&#8220;{}&#8220; custom_padding__hover=&#8220;|||&#8220;][et_pb_text admin_label=&#8220;Philosophie&#8220; _builder_version=&#8220;3.27.4&#8243; custom_margin=&#8220;100px||100px|&#8220; custom_margin_tablet=&#8220;60px||20px&#8220; custom_margin_phone=&#8220;30px||10px&#8220; custom_margin_last_edited=&#8220;on|phone&#8220; custom_padding=&#8220;100px||100px|&#8220; custom_padding_tablet=&#8220;0px||0px&#8220; custom_padding_phone=&#8220;0px||0px&#8220; custom_padding_last_edited=&#8220;on|phone&#8220; global_colors_info=&#8220;{}&#8220;]<\/p>\n<h4><span style=\"color: #ffffff;\">Philosophie<\/span><\/h4>\n<p>[\/et_pb_text][\/et_pb_column][et_pb_column type=&#8220;2_3&#8243; _builder_version=&#8220;3.25&#8243; custom_padding=&#8220;|||&#8220; global_colors_info=&#8220;{}&#8220; custom_padding__hover=&#8220;|||&#8220;][et_pb_text _builder_version=&#8220;3.27.4&#8243; header_2_line_height=&#8220;1.2em&#8220; header_3_font_size=&#8220;36px&#8220; custom_margin=&#8220;100px||100px|&#8220; custom_margin_tablet=&#8220;20px||60px&#8220; custom_margin_phone=&#8220;10px||30px&#8220; custom_margin_last_edited=&#8220;on|phone&#8220; custom_padding=&#8220;100px||100px|&#8220; custom_padding_tablet=&#8220;0px||0px&#8220; custom_padding_phone=&#8220;0px||0px&#8220; custom_padding_last_edited=&#8220;on|phone&#8220; global_colors_info=&#8220;{}&#8220;]<\/p>\n<h2><span style=\"color: #ffffff; font-size: xx-large;\">Der Mensch ist der Ma\u00dfstab<br \/>\nWir h\u00f6ren genau hin<br \/>\nKontext ist immer entscheidend<\/span><\/h2>\n<p>[\/et_pb_text][\/et_pb_column][\/et_pb_row][\/et_pb_section][et_pb_section fb_built=&#8220;1&#8243; fullwidth=&#8220;on&#8220; module_id=&#8220;people&#8220; _builder_version=&#8220;3.22.3&#8243; global_colors_info=&#8220;{}&#8220;][et_pb_fullwidth_slider show_pagination=&#8220;off&#8220; disabled_on=&#8220;off|off|off&#8220; module_class=&#8220;peopleslider&#8220; _builder_version=&#8220;3.23.3&#8243; max_width_phone=&#8220;100%&#8220; max_width_last_edited=&#8220;off|phone&#8220; auto=&#8220;on&#8220; custom_css_main_element=&#8220;height: 100vh;&#8220; global_colors_info=&#8220;{}&#8220; button_text_size__hover_enabled=&#8220;off&#8220; button_one_text_size__hover_enabled=&#8220;off&#8220; button_two_text_size__hover_enabled=&#8220;off&#8220; button_text_color__hover_enabled=&#8220;off&#8220; button_one_text_color__hover_enabled=&#8220;off&#8220; button_two_text_color__hover_enabled=&#8220;off&#8220; button_border_width__hover_enabled=&#8220;off&#8220; button_one_border_width__hover_enabled=&#8220;off&#8220; button_two_border_width__hover_enabled=&#8220;off&#8220; button_border_color__hover_enabled=&#8220;off&#8220; button_one_border_color__hover_enabled=&#8220;off&#8220; button_two_border_color__hover_enabled=&#8220;off&#8220; button_border_radius__hover_enabled=&#8220;off&#8220; button_one_border_radius__hover_enabled=&#8220;off&#8220; button_two_border_radius__hover_enabled=&#8220;off&#8220; button_letter_spacing__hover_enabled=&#8220;off&#8220; button_one_letter_spacing__hover_enabled=&#8220;off&#8220; button_two_letter_spacing__hover_enabled=&#8220;off&#8220; button_bg_color__hover_enabled=&#8220;off&#8220; button_one_bg_color__hover_enabled=&#8220;off&#8220; button_two_bg_color__hover_enabled=&#8220;off&#8220;][et_pb_slide use_bg_overlay=&#8220;off&#8220; use_text_overlay=&#8220;off&#8220; _builder_version=&#8220;3.23.3&#8243; background_image=&#8220;https:\/\/studiokankan.de\/wp-content\/uploads\/Jens-Bayer.jpg&#8220; button_on_hover=&#8220;on&#8220; custom_css_main_element=&#8220;height: 100vh;&#8220; custom_css_slide_image=&#8220;height: 100vh;&#8220; global_colors_info=&#8220;{}&#8220; button_text_size__hover_enabled=&#8220;off&#8220; button_one_text_size__hover_enabled=&#8220;off&#8220; button_two_text_size__hover_enabled=&#8220;off&#8220; button_text_color__hover_enabled=&#8220;off&#8220; button_one_text_color__hover_enabled=&#8220;off&#8220; button_two_text_color__hover_enabled=&#8220;off&#8220; button_border_width__hover_enabled=&#8220;off&#8220; button_one_border_width__hover_enabled=&#8220;off&#8220; button_two_border_width__hover_enabled=&#8220;off&#8220; button_border_color__hover_enabled=&#8220;off&#8220; button_one_border_color__hover_enabled=&#8220;off&#8220; button_two_border_color__hover_enabled=&#8220;off&#8220; button_border_radius__hover_enabled=&#8220;off&#8220; button_one_border_radius__hover_enabled=&#8220;off&#8220; button_two_border_radius__hover_enabled=&#8220;off&#8220; button_letter_spacing__hover_enabled=&#8220;off&#8220; button_one_letter_spacing__hover_enabled=&#8220;off&#8220; button_two_letter_spacing__hover_enabled=&#8220;off&#8220; button_bg_color__hover_enabled=&#8220;off&#8220; button_one_bg_color__hover_enabled=&#8220;off&#8220; button_two_bg_color__hover_enabled=&#8220;off&#8220; sticky_transition=&#8220;on&#8220;][\/et_pb_slide][\/et_pb_fullwidth_slider][\/et_pb_section][et_pb_section fb_built=&#8220;1&#8243; admin_label=&#8220;Section &#8211; Team&#8220; _builder_version=&#8220;3.22.3&#8243; background_color=&#8220;#1b1e1e&#8220; global_colors_info=&#8220;{}&#8220;][et_pb_row _builder_version=&#8220;3.25&#8243; background_size=&#8220;initial&#8220; background_position=&#8220;top_left&#8220; background_repeat=&#8220;repeat&#8220; global_colors_info=&#8220;{}&#8220;][et_pb_column type=&#8220;4_4&#8243; _builder_version=&#8220;3.25&#8243; custom_padding=&#8220;|||&#8220; global_colors_info=&#8220;{}&#8220; custom_padding__hover=&#8220;|||&#8220;][et_pb_text admin_label=&#8220;Jens Bayer&#8220; _builder_version=&#8220;3.27.4&#8243; header_2_line_height=&#8220;1.2em&#8220; header_3_line_height=&#8220;1.2em&#8220; global_colors_info=&#8220;{}&#8220;]<\/p>\n<h2><span style=\"color: #ffffff; font-size: xx-large;\">Jens Bayer <\/span><br \/>\n<span style=\"color: #ffffff; font-size: xx-large;\">Freier Architekt und Gr\u00fcnder <em>STUDIO<\/em> <strong>K\u2206NK\u2206N<\/strong><\/span><\/h2>\n<hr \/>\n<h3><span style=\"color: #ffffff; font-size: x-large;\">Vor Gr\u00fcndung von <em>Studio<\/em> <strong>K\u2206NK\u2206N<\/strong> konnte Jens mehrere Jahre Planungs- und Projekterfahrung sammeln.<br \/>\nEntscheidende Jahre hat er mit schneider + schumacher in Frankfurt verbracht und dabei an Projekten gro\u00dfen Ma\u00dfstabs f\u00fcr B\u00fcro- und Wohnungsbau gearbeitet.<br \/>\nDie Kunden kamen \u00fcberwiegend aus der internationalen Banken- und Versicherungsbranche.<br \/>\nEr studierte Architektur und Urban Design in Frankfurt, Berlin, Amsterdam und Schanghai.<br \/>\n<\/span><\/h3>\n<p>[\/et_pb_text][\/et_pb_column][\/et_pb_row][\/et_pb_section][et_pb_section fb_built=&#8220;1&#8243; admin_label=&#8220;Section &#8211; What&#8217;s up&#8220; module_id=&#8220;whatsup&#8220; _builder_version=&#8220;3.22.3&#8243; background_color=&#8220;#000000&#8243; global_colors_info=&#8220;{}&#8220;][et_pb_row _builder_version=&#8220;3.25&#8243; background_size=&#8220;initial&#8220; background_position=&#8220;top_left&#8220; background_repeat=&#8220;repeat&#8220; custom_margin=&#8220;100px|||&#8220; custom_margin_tablet=&#8220;60px||&#8220; custom_margin_phone=&#8220;30px||&#8220; custom_margin_last_edited=&#8220;on|phone&#8220; global_colors_info=&#8220;{}&#8220;][et_pb_column type=&#8220;4_4&#8243; _builder_version=&#8220;3.25&#8243; custom_padding=&#8220;|||&#8220; global_colors_info=&#8220;{}&#8220; custom_padding__hover=&#8220;|||&#8220;][et_pb_text disabled_on=&#8220;off|off|off&#8220; admin_label=&#8220;Whats&#8217;s up&#8220; _builder_version=&#8220;3.27.4&#8243; header_2_font_size=&#8220;48px&#8220; global_colors_info=&#8220;{}&#8220;]<\/p>\n<h3 style=\"text-align: center;\"><span style=\"color: #ffffff; font-size: xx-large;\">What\u2018s up<\/span><\/h3>\n<p>&nbsp;<\/p>\n<h2 style=\"text-align: center;\"><span style=\"color: #00ccff;\">Coming soon <\/span><\/h2>\n<p>[\/et_pb_text][et_pb_text disabled_on=&#8220;on|on|on&#8220; admin_label=&#8220;Whats&#8217;s up&#8220; _builder_version=&#8220;3.27.4&#8243; text_font=&#8220;||||||||&#8220; text_font_size=&#8220;20px&#8220; header_2_font_size=&#8220;48px&#8220; disabled=&#8220;on&#8220; global_colors_info=&#8220;{}&#8220;]<\/p>\n<h3 style=\"text-align: center;\"><span style=\"color: #ffffff; font-size: xx-large;\">What\u2018s up<\/span><\/h3>\n<h4>\u00a0<\/h4>\n<h4 style=\"text-align: center;\"><strong><span style=\"color: #ffffff;\">LITTLE MIRACLES AND SECOND THOUGHTS<\/span><\/strong><\/h4>\n<p style=\"text-align: center;\"><span style=\"color: #ffffff;\">Eine Ausstellung von Hannah Moser und Valentina Jaff\u00e9 im Studio KANKAN<\/span><\/p>\n<p style=\"text-align: center;\"><span style=\"color: #ffffff;\">Vernissage: 21. M\u00e4rz 2019 18:00 Uhr<\/span><\/p>\n<p style=\"text-align: center;\"><span style=\"color: #ffffff;\">Finissage: 06. April 2019 16:00 Uhr<\/span><\/p>\n<p>[\/et_pb_text][\/et_pb_column][\/et_pb_row][et_pb_row _builder_version=&#8220;3.25&#8243; background_size=&#8220;initial&#8220; background_position=&#8220;top_left&#8220; background_repeat=&#8220;repeat&#8220; custom_margin=&#8220;||100px|&#8220; custom_margin_tablet=&#8220;||60px&#8220; custom_margin_phone=&#8220;||30px&#8220; custom_margin_last_edited=&#8220;on|phone&#8220; global_colors_info=&#8220;{}&#8220;][et_pb_column type=&#8220;4_4&#8243; _builder_version=&#8220;3.25&#8243; custom_padding=&#8220;|||&#8220; global_colors_info=&#8220;{}&#8220; custom_padding__hover=&#8220;|||&#8220;][et_pb_text _builder_version=&#8220;3.27.4&#8243; text_font_size=&#8220;16px&#8220; global_colors_info=&#8220;{}&#8220;]<\/p>\n<p style=\"text-align: center;\"><a href=\"https:\/\/www.facebook.com\/Studio-Kankan-608777239474200\/\" target=\"_blank\" rel=\"noopener noreferrer\">Facebook<\/a>\u00a0\u00a0\u00a0\u00a0\u00a0 <a href=\"https:\/\/www.instagram.com\/studiokankan\/\" target=\"_blank\" rel=\"noopener noreferrer\">Instagram<\/a><\/p>\n<p>[\/et_pb_text][\/et_pb_column][\/et_pb_row][\/et_pb_section][et_pb_section fb_built=&#8220;1&#8243; admin_label=&#8220;Section &#8211; Ganz egal wie\u2026&#8220; _builder_version=&#8220;3.22.3&#8243; background_color=&#8220;#1b1e1e&#8220; global_colors_info=&#8220;{}&#8220;][et_pb_row _builder_version=&#8220;3.25&#8243; background_size=&#8220;initial&#8220; background_position=&#8220;top_left&#8220; background_repeat=&#8220;repeat&#8220; global_colors_info=&#8220;{}&#8220;][et_pb_column type=&#8220;4_4&#8243; _builder_version=&#8220;3.25&#8243; custom_padding=&#8220;|||&#8220; global_colors_info=&#8220;{}&#8220; custom_padding__hover=&#8220;|||&#8220;][et_pb_text admin_label=&#8220;Ganz egal wie\u2026&#8220; _builder_version=&#8220;3.27.4&#8243; text_font=&#8220;||||||||&#8220; header_3_font_size=&#8220;26px&#8220; custom_margin=&#8220;80px||80px|&#8220; custom_margin_tablet=&#8220;50px||50px&#8220; custom_margin_phone=&#8220;25px||25px&#8220; custom_margin_last_edited=&#8220;on|phone&#8220; custom_padding=&#8220;80px||80px|&#8220; custom_padding_tablet=&#8220;50px||50px&#8220; custom_padding_phone=&#8220;25px||25px&#8220; custom_padding_last_edited=&#8220;on|phone&#8220; global_colors_info=&#8220;{}&#8220;]<\/p>\n<h3 style=\"text-align: left;\"><span style=\"color: #ffffff; font-size: xx-large;\">Ganz egal wie\u2026<br \/>\n<\/span><\/h3>\n<hr \/>\n<h3 style=\"text-align: left;\"><span style=\"color: #ffffff; font-size: x-large;\"><em> STUDIO<\/em> <strong>K\u2206NK\u2206N<\/strong> ist ein netzwerkbasiertes Unternehmen, das immer die richtigen Menschen zusammen bringt, um das Projekt zum Erfolg zu f\u00fchren.<br \/>\nIn unserer konzeptionellen Arbeitsweise arbeiten wir gemeinsam mit Grafikdesignern, Produktdesignern und Innenarchitekten.<br \/>\n<\/span><\/h3>\n<p>[\/et_pb_text][\/et_pb_column][\/et_pb_row][\/et_pb_section][et_pb_section fb_built=&#8220;1&#8243; fullwidth=&#8220;on&#8220; _builder_version=&#8220;3.22.3&#8243; custom_padding=&#8220;0px|0px|0|0px|false|false&#8220; global_colors_info=&#8220;{}&#8220;][et_pb_nextend_smart_slider_3_fullwidth slider=&#8220;5&#8243; _builder_version=&#8220;3.19.11&#8243; global_colors_info=&#8220;{}&#8220;][\/et_pb_nextend_smart_slider_3_fullwidth][\/et_pb_section][et_pb_section fb_built=&#8220;1&#8243; admin_label=&#8220;Section &#8211; Content Navi&#8220; module_id=&#8220;whatsup&#8220; _builder_version=&#8220;3.22.3&#8243; background_color=&#8220;#000000&#8243; global_colors_info=&#8220;{}&#8220;][et_pb_row _builder_version=&#8220;3.25&#8243; background_size=&#8220;initial&#8220; background_position=&#8220;top_left&#8220; background_repeat=&#8220;repeat&#8220; custom_padding=&#8220;25.59375px|0px|0|0px|false|false&#8220; global_colors_info=&#8220;{}&#8220;][et_pb_column type=&#8220;4_4&#8243; _builder_version=&#8220;3.25&#8243; custom_padding=&#8220;|||&#8220; global_colors_info=&#8220;{}&#8220; custom_padding__hover=&#8220;|||&#8220;][et_pb_text admin_label=&#8220;Contact&#8220; module_id=&#8220;contact&#8220; _builder_version=&#8220;3.27.4&#8243; header_2_font_size=&#8220;48px&#8220; global_colors_info=&#8220;{}&#8220;]<\/p>\n<h2 style=\"text-align: left;\"><a href=\"#projects\"><span style=\"color: #ffffff;\">What we do.<\/span><\/a><\/h2>\n<h2 style=\"text-align: left;\"><a href=\"#about\"><span style=\"color: #ffffff;\">Who we are.<\/span><\/a><\/h2>\n<h2 style=\"text-align: left;\"><a href=\"https:\/\/studiokankan.de\/de\/kontakt\/\"><span style=\"color: #ffffff;\">How to call.<\/span><\/a><\/h2>\n<p>[\/et_pb_text][\/et_pb_column][\/et_pb_row][\/et_pb_section]<\/p>\n","protected":false},"excerpt":{"rendered":"<p>&nbsp; \u00dcber uns Wer wir sind. STUDIO K\u2206NK\u2206N ist ein junges Architekturb\u00fcro mit Sitz in Frankfurt und Berlin. Durch unser Netzwerk aus Innenarchitekten und Produktdesignern k\u00f6nnen wir gro\u00dfe Ideen erfassen und von der ersten Skizze zu einem erfolgreichen Projekt entwickeln. Unsere Herausforderung ist es L\u00f6sungen zu finden, die der Identit\u00e4t unserer Kunden entsprechen.\u00a0&nbsp; Projekte Was [&hellip;]<\/p>\n","protected":false},"author":4,"featured_media":0,"parent":0,"menu_order":0,"comment_status":"closed","ping_status":"closed","template":"","meta":{"_et_pb_use_builder":"on","_et_pb_old_content":"","_et_gb_content_width":"","footnotes":""},"class_list":["post-1337","page","type-page","status-publish","hentry"],"_links":{"self":[{"href":"https:\/\/studiokankan.de\/de\/wp-json\/wp\/v2\/pages\/1337","targetHints":{"allow":["GET"]}}],"collection":[{"href":"https:\/\/studiokankan.de\/de\/wp-json\/wp\/v2\/pages"}],"about":[{"href":"https:\/\/studiokankan.de\/de\/wp-json\/wp\/v2\/types\/page"}],"author":[{"embeddable":true,"href":"https:\/\/studiokankan.de\/de\/wp-json\/wp\/v2\/users\/4"}],"replies":[{"embeddable":true,"href":"https:\/\/studiokankan.de\/de\/wp-json\/wp\/v2\/comments?post=1337"}],"version-history":[{"count":44,"href":"https:\/\/studiokankan.de\/de\/wp-json\/wp\/v2\/pages\/1337\/revisions"}],"predecessor-version":[{"id":1669,"href":"https:\/\/studiokankan.de\/de\/wp-json\/wp\/v2\/pages\/1337\/revisions\/1669"}],"wp:attachment":[{"href":"https:\/\/studiokankan.de\/de\/wp-json\/wp\/v2\/media?parent=1337"}],"curies":[{"name":"wp","href":"https:\/\/api.w.org\/{rel}","templated":true}]}}