{"id":1336,"date":"2018-09-19T00:34:01","date_gmt":"2018-09-18T22:34:01","guid":{"rendered":"https:\/\/studiokankan.de\/?page_id=1336"},"modified":"2025-01-27T11:13:37","modified_gmt":"2025-01-27T10:13:37","slug":"impressum","status":"publish","type":"page","link":"https:\/\/studiokankan.de\/de\/impressum\/","title":{"rendered":"Impressum"},"content":{"rendered":"<p>[et_pb_section fb_built=&#8220;1&#8243; _builder_version=&#8220;4.16&#8243; background_color=&#8220;#000000&#8243; global_colors_info=&#8220;{}&#8220;][et_pb_row _builder_version=&#8220;4.16&#8243; background_size=&#8220;initial&#8220; background_position=&#8220;top_left&#8220; background_repeat=&#8220;repeat&#8220; global_colors_info=&#8220;{}&#8220;][et_pb_column type=&#8220;4_4&#8243; _builder_version=&#8220;4.16&#8243; custom_padding=&#8220;|||&#8220; global_colors_info=&#8220;{}&#8220; custom_padding__hover=&#8220;|||&#8220;][et_pb_text _builder_version=&#8220;4.27.4&#8243; hover_enabled=&#8220;0&#8243; global_colors_info=&#8220;{}&#8220; sticky_enabled=&#8220;0&#8243;]<\/p>\n<h2><span style=\"color: #ffffff;\"><strong>Impressum<\/strong><\/span><\/h2>\n<p><span style=\"color: #ffffff;\"><strong>STUDIO K\u2206NK\u2206N<br \/>\n<\/strong>Jens Bayer<\/span><br \/>\n<span style=\"color: #ffffff;\"> Freier Architekt<\/span><br \/>\n<span style=\"color: #ffffff;\"> Kapellenstrasse 4<\/span><br \/>\n<span style=\"color: #ffffff;\"> 63864 Glattbach<\/span><\/p>\n<h3><span style=\"color: #ffffff;\">Kontakt<\/span><\/h3>\n<p><span style=\"color: #ffffff;\">Telefon: +49 176 55 644 708<\/span><br \/>\n<span style=\"color: #ffffff;\"> E-Mail: <a style=\"color: #ffffff;\" href=\"mailto:jens.bayer@studiokankan.de\">jens.bayer@studiokankan.de<\/a><\/span><\/p>\n<h3><span style=\"color: #ffffff;\">Berufsbezeichnung und berufsrechtliche Regelungen<\/span><\/h3>\n<p><span style=\"color: #ffffff;\">Berufsbezeichnung: Architekten<\/span><br \/>\n<span style=\"color: #ffffff;\"> Zust\u00e4ndige Kammer: Architektenkammer Bayern, K\u00f6rperschaft des \u00d6ffentlichen Rechts, Waisenhausstr. 4, 80637 M\u00fcnchen<\/span><br \/>\n<span style=\"color: #ffffff;\"> Verliehen durch: Bundesrepublik Deutschland<\/span><br \/>\n<span style=\"color: #ffffff;\"> Es gelten folgende berufsrechtliche Regelungen: Berufsordnung<\/span><br \/>\n<span style=\"color: #ffffff;\"> Regelungen einsehbar unter: <a style=\"color: #ffffff;\" href=\"https:\/\/www.byak.de\/planen-und-bauen\/recht-und-berufspraxis\/berufsordnung.html\" target=\"_blank\" rel=\"noopener\">https:\/\/www.byak.de\/planen-und-bauen\/recht-und-berufspraxis\/berufsordnung.html<\/a><\/span><\/p>\n<h3><span style=\"color: #ffffff;\">Angaben zur Berufshaftpflichtversicherung<\/span><\/h3>\n<p><span style=\"color: #ffffff;\"><strong>Name und Sitz des Versicherers:<br \/>\n<\/strong>R+V Allgemeine Versicherung AG<\/span><br \/>\n<span style=\"color: #ffffff;\"> Voltastra\u00dfe 84<\/span><br \/>\n<span style=\"color: #ffffff;\"> 60486 Frankfurt am Main<\/span><\/p>\n<p><span style=\"color: #ffffff;\"><strong>Geltungsraum der Versicherung:<\/strong> weltweit<\/span><\/p>\n<h3><span style=\"color: #ffffff;\">Streitschlichtung<\/span><\/h3>\n<p><span style=\"color: #ffffff;\">Die Europ\u00e4ische Kommission stellt eine Plattform zur Online-Streitbeilegung (OS) bereit: <a style=\"color: #ffffff;\" href=\"https:\/\/ec.europa.eu\/consumers\/odr\" target=\"_blank\" rel=\"noopener\">https:\/\/ec.europa.eu\/consumers\/odr<\/a>.<\/span><br \/>\n<span style=\"color: #ffffff;\"> Unsere E-Mail-Adresse finden Sie oben im Impressum.<\/span><\/p>\n<p><span style=\"color: #ffffff;\">Wir sind nicht bereit oder verpflichtet, an Streitbeilegungsverfahren vor einer Verbraucherschlichtungsstelle teilzunehmen.<\/span><\/p>\n<h3><span style=\"color: #ffffff;\">Bildnachweise<\/span><\/h3>\n<p><span style=\"color: #ffffff;\">\u00a9 Simon Emge for STUDIO <strong>K\u2206NK\u2206N<\/strong>: Portraitaufnahmen Mitarbeiter<\/span><br \/>\n<span style=\"color: #ffffff;\"> <a style=\"color: #ffffff;\" href=\"https:\/\/simonemge.de\" target=\"_blank\" rel=\"noopener\">www.simonemge.de<\/a><\/span><\/p>\n<p><span style=\"color: #ffffff;\">\u00a9 Eda Temucin for Radar: Studiobilder STUDIO <strong>K\u2206NK\u2206N<\/strong><\/span><br \/>\n<span style=\"color: #ffffff;\"> <a style=\"color: #ffffff;\" href=\"https:\/\/radar-frankfurt.de\" target=\"_blank\" rel=\"noopener\">www.radar-frankfurt.de<\/a><\/span><br \/>\n<span style=\"color: #ffffff;\"> <a style=\"color: #ffffff;\" href=\"http:\/\/edatemucin.com\" target=\"_blank\" rel=\"noopener\">www.edatemucin.com<\/a><\/span><\/p>\n<p><span style=\"color: #ffffff;\">\u00a9 Ana Santl for Ignant: Lichtdesign Caf\u00e9 in Berlin<\/span><br \/>\n<span style=\"color: #ffffff;\"> <a style=\"color: #ffffff;\" href=\"http:\/\/iamnotana.com\" target=\"_blank\" rel=\"noopener\">www.iamnotana.com<\/a><\/span><br \/>\n<span style=\"color: #ffffff;\"> <a style=\"color: #ffffff;\" href=\"https:\/\/www.ignant.com\" target=\"_blank\" rel=\"noopener\">www.ignant.com<\/a><\/span><\/p>\n<h3><span style=\"color: #ffffff;\">Haftung f\u00fcr Inhalte<\/span><\/h3>\n<p><span style=\"color: #ffffff;\">Als Diensteanbieter sind wir gem\u00e4\u00df \u00a7 7 Abs.1 TMG f\u00fcr eigene Inhalte auf diesen Seiten nach den allgemeinen Gesetzen verantwortlich. Nach \u00a7\u00a7 8 bis 10 TMG sind wir als Diensteanbieter jedoch nicht verpflichtet, \u00fcbermittelte oder gespeicherte fremde Informationen zu \u00fcberwachen oder nach Umst\u00e4nden zu forschen, die auf eine rechtswidrige T\u00e4tigkeit hinweisen.<\/span><\/p>\n<p><span style=\"color: #ffffff;\">Verpflichtungen zur Entfernung oder Sperrung der Nutzung von Informationen nach den allgemeinen Gesetzen bleiben hiervon unber\u00fchrt. Eine diesbez\u00fcgliche Haftung ist jedoch erst ab dem Zeitpunkt der Kenntnis einer konkreten Rechtsverletzung m\u00f6glich. Bei Bekanntwerden von entsprechenden Rechtsverletzungen werden wir diese Inhalte umgehend entfernen.<\/span><\/p>\n<h3><span style=\"color: #ffffff;\">Haftung f\u00fcr Links<\/span><\/h3>\n<p><span style=\"color: #ffffff;\">Unser Angebot enth\u00e4lt Links zu externen Websites Dritter, auf deren Inhalte wir keinen Einfluss haben. Deshalb k\u00f6nnen wir f\u00fcr diese fremden Inhalte auch keine Gew\u00e4hr \u00fcbernehmen. F\u00fcr die Inhalte der verlinkten Seiten ist stets der jeweilige Anbieter oder Betreiber der Seiten verantwortlich. Die verlinkten Seiten wurden zum Zeitpunkt der Verlinkung auf m\u00f6gliche Rechtsverst\u00f6\u00dfe \u00fcberpr\u00fcft. Rechtswidrige Inhalte waren zum Zeitpunkt der Verlinkung nicht erkennbar.<\/span><\/p>\n<p><span style=\"color: #ffffff;\">Eine permanente inhaltliche Kontrolle der verlinkten Seiten ist jedoch ohne konkrete Anhaltspunkte einer Rechtsverletzung nicht zumutbar. Bei Bekanntwerden von Rechtsverletzungen werden wir derartige Links umgehend entfernen.<\/span><\/p>\n<h3><span style=\"color: #ffffff;\">Urheberrecht<\/span><\/h3>\n<p><span style=\"color: #ffffff;\">Die durch die Seitenbetreiber erstellten Inhalte und Werke auf diesen Seiten unterliegen dem deutschen Urheberrecht. Die Vervielf\u00e4ltigung, Bearbeitung, Verbreitung und jede Art der Verwertung au\u00dferhalb der Grenzen des Urheberrechtes bed\u00fcrfen der schriftlichen Zustimmung des jeweiligen Autors bzw. Erstellers. Downloads und Kopien dieser Seite sind nur f\u00fcr den privaten, nicht kommerziellen Gebrauch gestattet.<\/span><\/p>\n<p><span style=\"color: #ffffff;\">Soweit die Inhalte auf dieser Seite nicht vom Betreiber erstellt wurden, werden die Urheberrechte Dritter beachtet. Insbesondere werden Inhalte Dritter als solche gekennzeichnet. Sollten Sie trotzdem auf eine Urheberrechtsverletzung aufmerksam werden, bitten wir um einen entsprechenden Hinweis. Bei Bekanntwerden von Rechtsverletzungen werden wir derartige Inhalte umgehend entfernen.<\/span>[\/et_pb_text][\/et_pb_column][\/et_pb_row][\/et_pb_section]<\/p>\n","protected":false},"excerpt":{"rendered":"<p>Impressum STUDIO K\u2206NK\u2206N Jens Bayer Freier Architekt Kapellenstrasse 4 63864 Glattbach Kontakt Telefon: +49 176 55 644 708 E-Mail: jens.bayer@studiokankan.de Berufsbezeichnung und berufsrechtliche Regelungen Berufsbezeichnung: Architekten Zust\u00e4ndige Kammer: Architektenkammer Bayern, K\u00f6rperschaft des \u00d6ffentlichen Rechts, Waisenhausstr. 4, 80637 M\u00fcnchen Verliehen durch: Bundesrepublik Deutschland Es gelten folgende berufsrechtliche Regelungen: Berufsordnung Regelungen einsehbar unter: https:\/\/www.byak.de\/planen-und-bauen\/recht-und-berufspraxis\/berufsordnung.html Angaben zur Berufshaftpflichtversicherung [&hellip;]<\/p>\n","protected":false},"author":4,"featured_media":0,"parent":0,"menu_order":0,"comment_status":"closed","ping_status":"closed","template":"","meta":{"_et_pb_use_builder":"on","_et_pb_old_content":"","_et_gb_content_width":"","footnotes":""},"class_list":["post-1336","page","type-page","status-publish","hentry"],"_links":{"self":[{"href":"https:\/\/studiokankan.de\/de\/wp-json\/wp\/v2\/pages\/1336","targetHints":{"allow":["GET"]}}],"collection":[{"href":"https:\/\/studiokankan.de\/de\/wp-json\/wp\/v2\/pages"}],"about":[{"href":"https:\/\/studiokankan.de\/de\/wp-json\/wp\/v2\/types\/page"}],"author":[{"embeddable":true,"href":"https:\/\/studiokankan.de\/de\/wp-json\/wp\/v2\/users\/4"}],"replies":[{"embeddable":true,"href":"https:\/\/studiokankan.de\/de\/wp-json\/wp\/v2\/comments?post=1336"}],"version-history":[{"count":12,"href":"https:\/\/studiokankan.de\/de\/wp-json\/wp\/v2\/pages\/1336\/revisions"}],"predecessor-version":[{"id":1912,"href":"https:\/\/studiokankan.de\/de\/wp-json\/wp\/v2\/pages\/1336\/revisions\/1912"}],"wp:attachment":[{"href":"https:\/\/studiokankan.de\/de\/wp-json\/wp\/v2\/media?parent=1336"}],"curies":[{"name":"wp","href":"https:\/\/api.w.org\/{rel}","templated":true}]}}